{"id":44,"date":"2026-04-07T13:34:43","date_gmt":"2026-04-07T13:34:43","guid":{"rendered":"https:\/\/developer.fredefritz.de\/?page_id=44"},"modified":"2026-04-08T14:43:17","modified_gmt":"2026-04-08T14:43:17","slug":"startseite","status":"publish","type":"page","link":"https:\/\/developer.fredefritz.de\/","title":{"rendered":"Startseite"},"content":{"rendered":"\t\t<div data-elementor-type=\"wp-page\" data-elementor-id=\"44\" class=\"elementor elementor-44\" data-elementor-post-type=\"page\">\n\t\t\t\t<div class=\"elementor-element elementor-element-eb24909 e-con-full e-flex e-con e-parent\" data-id=\"eb24909\" data-element_type=\"container\" data-e-type=\"container\">\n\t\t\t\t<div class=\"elementor-element elementor-element-d77d862 elementor-widget elementor-widget-html\" data-id=\"d77d862\" data-element_type=\"widget\" data-e-type=\"widget\" data-widget_type=\"html.default\">\n\t\t\t\t\t<div style=\"position:relative;padding-bottom:56.25%;overflow:hidden;width:100%;height:auto\" class=\"vdldiv\"><iframe id=\"videolyser69467215\" name=\"videolyser69467215\" src=\"https:\/\/www.videolyser.de\/video\/69467215\/640\/360\" width=\"100%\" height=\"100%\" frameborder=\"0\" webkitallowfullscreen=\"\" mozallowfullscreen=\"\" allowfullscreen=\"\" scrolling=\"no\" style=\"position:absolute;top:0;left:0;width:100%;height:100%;margin:0\" referrerpolicy=\"origin-when-cross-origin\" class=\"vdliframe\"><\/iframe><\/div>\t\t\t\t<\/div>\n\t\t\t\t<\/div>\n\t\t<div class=\"elementor-element elementor-element-c7bf2c2 e-flex e-con-boxed e-con e-parent\" data-id=\"c7bf2c2\" data-element_type=\"container\" data-e-type=\"container\">\n\t\t\t\t\t<div class=\"e-con-inner\">\n\t\t\t\t<div class=\"elementor-element elementor-element-ef2cdfa elementor-widget elementor-widget-heading\" data-id=\"ef2cdfa\" data-element_type=\"widget\" data-e-type=\"widget\" data-widget_type=\"heading.default\">\n\t\t\t\t\t<h1 class=\"elementor-heading-title elementor-size-default\">Herzlich willkommen bei FredeFritz \u2013 SchnabulierManufaktur. \u200b<\/h1>\t\t\t\t<\/div>\n\t\t\t\t\t<\/div>\n\t\t\t\t<\/div>\n\t\t<div class=\"elementor-element elementor-element-43feb73 e-grid e-con-boxed e-con e-parent\" data-id=\"43feb73\" data-element_type=\"container\" data-e-type=\"container\">\n\t\t\t\t\t<div class=\"e-con-inner\">\n\t\t\t\t<div class=\"elementor-element elementor-element-18cf51e elementor-product-loop-item--align-center elementor-grid-4 elementor-grid-tablet-3 elementor-grid-mobile-2 elementor-products-grid elementor-wc-products elementor-widget elementor-widget-wc-categories\" data-id=\"18cf51e\" data-element_type=\"widget\" data-e-type=\"widget\" data-widget_type=\"wc-categories.default\">\n\t\t\t\t\t<div class=\"woocommerce columns-4\"><ul class=\"products elementor-grid columns-4\">\n<li class=\"product-category product first\">\n\t<a aria-label=\"Produktkategorie FredeFritz Lederprodukte besuchen\" href=\"https:\/\/developer.fredefritz.de\/?product_cat=fredefritz-lederprodukte\"><img fetchpriority=\"high\" decoding=\"async\" src=\"https:\/\/developer.fredefritz.de\/wp-content\/uploads\/2026\/04\/fred9_800-300x300.jpg\" alt=\"FredeFritz Lederprodukte\" width=\"300\" height=\"300\" srcset=\"https:\/\/developer.fredefritz.de\/wp-content\/uploads\/2026\/04\/fred9_800-300x300.jpg 300w, https:\/\/developer.fredefritz.de\/wp-content\/uploads\/2026\/04\/fred9_800-150x150.jpg 150w, https:\/\/developer.fredefritz.de\/wp-content\/uploads\/2026\/04\/fred9_800-100x100.jpg 100w\" sizes=\"(max-width: 300px) 100vw, 300px\" \/>\t\t<h2 class=\"woocommerce-loop-category__title\">\n\t\t\tFredeFritz Lederprodukte <mark class=\"count\">(2)<\/mark>\t\t<\/h2>\n\t\t<\/a><\/li>\n<li class=\"product-category product\">\n\t<a aria-label=\"Produktkategorie FredeFritz Holzprodukte besuchen\" href=\"https:\/\/developer.fredefritz.de\/?product_cat=fredefritz-holzprodukte\"><img decoding=\"async\" src=\"https:\/\/developer.fredefritz.de\/wp-content\/uploads\/2026\/04\/2erBrett_web-300x300.jpg\" alt=\"FredeFritz Holzprodukte\" width=\"300\" height=\"300\" srcset=\"https:\/\/developer.fredefritz.de\/wp-content\/uploads\/2026\/04\/2erBrett_web-300x300.jpg 300w, https:\/\/developer.fredefritz.de\/wp-content\/uploads\/2026\/04\/2erBrett_web-150x150.jpg 150w, https:\/\/developer.fredefritz.de\/wp-content\/uploads\/2026\/04\/2erBrett_web-100x100.jpg 100w\" sizes=\"(max-width: 300px) 100vw, 300px\" \/>\t\t<h2 class=\"woocommerce-loop-category__title\">\n\t\t\tFredeFritz Holzprodukte <mark class=\"count\">(2)<\/mark>\t\t<\/h2>\n\t\t<\/a><\/li>\n<li class=\"product-category product\">\n\t<a aria-label=\"Produktkategorie FredeFritz Bestecke besuchen\" href=\"https:\/\/developer.fredefritz.de\/?product_cat=fredefritz-bestecke\"><img decoding=\"async\" src=\"https:\/\/developer.fredefritz.de\/wp-content\/uploads\/2026\/04\/fred9_800-300x300.jpg\" alt=\"FredeFritz Bestecke\" width=\"300\" height=\"300\" srcset=\"https:\/\/developer.fredefritz.de\/wp-content\/uploads\/2026\/04\/fred9_800-300x300.jpg 300w, https:\/\/developer.fredefritz.de\/wp-content\/uploads\/2026\/04\/fred9_800-150x150.jpg 150w, https:\/\/developer.fredefritz.de\/wp-content\/uploads\/2026\/04\/fred9_800-100x100.jpg 100w\" sizes=\"(max-width: 300px) 100vw, 300px\" \/>\t\t<h2 class=\"woocommerce-loop-category__title\">\n\t\t\tFredeFritz Bestecke <mark class=\"count\">(7)<\/mark>\t\t<\/h2>\n\t\t<\/a><\/li>\n<li class=\"product-category product last\">\n\t<a aria-label=\"Produktkategorie Domfritz Accessoires besuchen\" href=\"https:\/\/developer.fredefritz.de\/?product_cat=domfritz-accessoires\"><img loading=\"lazy\" decoding=\"async\" src=\"https:\/\/developer.fredefritz.de\/wp-content\/uploads\/2026\/04\/72-Bueggel_home-300x300.jpg\" alt=\"Domfritz Accessoires\" width=\"300\" height=\"300\" srcset=\"https:\/\/developer.fredefritz.de\/wp-content\/uploads\/2026\/04\/72-Bueggel_home-300x300.jpg 300w, https:\/\/developer.fredefritz.de\/wp-content\/uploads\/2026\/04\/72-Bueggel_home-150x150.jpg 150w, https:\/\/developer.fredefritz.de\/wp-content\/uploads\/2026\/04\/72-Bueggel_home-100x100.jpg 100w\" sizes=\"(max-width: 300px) 100vw, 300px\" \/>\t\t<h2 class=\"woocommerce-loop-category__title\">\n\t\t\tDomfritz Accessoires <mark class=\"count\">(1)<\/mark>\t\t<\/h2>\n\t\t<\/a><\/li>\n<\/ul>\n<\/div>\t\t\t\t<\/div>\n\t\t\t\t\t<\/div>\n\t\t\t\t<\/div>\n\t\t<div class=\"elementor-element elementor-element-748da85 e-flex e-con-boxed e-con e-parent\" data-id=\"748da85\" data-element_type=\"container\" data-e-type=\"container\">\n\t\t\t\t\t<div class=\"e-con-inner\">\n\t\t\t\t<div class=\"elementor-element elementor-element-6c067b9 elementor-widget elementor-widget-spacer\" data-id=\"6c067b9\" data-element_type=\"widget\" data-e-type=\"widget\" data-widget_type=\"spacer.default\">\n\t\t\t\t\t\t\t<div class=\"elementor-spacer\">\n\t\t\t<div class=\"elementor-spacer-inner\"><\/div>\n\t\t<\/div>\n\t\t\t\t\t\t<\/div>\n\t\t\t\t\t<\/div>\n\t\t\t\t<\/div>\n\t\t<div class=\"elementor-element elementor-element-2680e04 e-flex e-con-boxed e-con e-parent\" data-id=\"2680e04\" data-element_type=\"container\" data-e-type=\"container\">\n\t\t\t\t\t<div class=\"e-con-inner\">\n\t\t\t\t<div class=\"elementor-element elementor-element-9667fb8 elementor-widget elementor-widget-image\" data-id=\"9667fb8\" data-element_type=\"widget\" data-e-type=\"widget\" data-widget_type=\"image.default\">\n\t\t\t\t\t\t\t\t\t\t\t\t\t\t\t<img loading=\"lazy\" decoding=\"async\" width=\"264\" height=\"291\" src=\"https:\/\/developer.fredefritz.de\/wp-content\/uploads\/2026\/04\/pick_it_home_2.png\" class=\"attachment-large size-large wp-image-115\" alt=\"\" \/>\t\t\t\t\t\t\t\t\t\t\t\t\t\t\t<\/div>\n\t\t\t\t\t<\/div>\n\t\t\t\t<\/div>\n\t\t<div class=\"elementor-element elementor-element-db2868b e-flex e-con-boxed e-con e-parent\" data-id=\"db2868b\" data-element_type=\"container\" data-e-type=\"container\">\n\t\t\t\t\t<div class=\"e-con-inner\">\n\t\t\t\t<div class=\"elementor-element elementor-element-a093156 elementor-widget elementor-widget-heading\" data-id=\"a093156\" data-element_type=\"widget\" data-e-type=\"widget\" data-widget_type=\"heading.default\">\n\t\t\t\t\t<h1 class=\"elementor-heading-title elementor-size-default\">WIR L(I)EBEN K\u00d6LN UND DEN DOM !<\/h1>\t\t\t\t<\/div>\n\t\t\t\t\t<\/div>\n\t\t\t\t<\/div>\n\t\t<div class=\"elementor-element elementor-element-1ab7b6e e-flex e-con-boxed e-con e-parent\" data-id=\"1ab7b6e\" data-element_type=\"container\" data-e-type=\"container\">\n\t\t\t\t\t<div class=\"e-con-inner\">\n\t\t\t\t<div class=\"elementor-element elementor-element-9dbc2e3 elementor-widget elementor-widget-text-editor\" data-id=\"9dbc2e3\" data-element_type=\"widget\" data-e-type=\"widget\" data-widget_type=\"text-editor.default\">\n\t\t\t\t\t\t\t\t\t<p class=\"elementor-heading-title elementor-size-small\" style=\"text-align: center;\">Aber was wir noch mehr leben und lieben, ist die k\u00f6lsche Art der Gastlichkeit. \u201eLA K\u00d6LSCHE VITA\u201c \u2013 ein (ER)LEBENSGEF\u00dcHL mit besonderen Eigenarten und einem eigenen Grundgesetz.<br \/>Der K\u00f6lner trifft sich, ist weltoffen, tolerant und feiert gerne \u2013 Ja, auch sich selbst \u2013 vor allem aber seine Stadt. In K\u00f6ln \u201eDrinkt mer ene mit\u201c, geht gerne aus und beim Miteinander \u201eschwade\u201c wird nach Herzenslust auch \u201eschnabuliert\u201c.<br \/>Und erst mit unseren hochwertigen, handgefertigten und nachhaltigen Produkten rund um den sch\u00f6n gedeckten Vorspeisentisch wird Schnabulieren dann auch zur Gourmetsache: F\u00fcr alle und f\u00fcr jeden.<\/p><p style=\"text-align: center;\">Regionale Produkte \u2013 mit Liebe gemacht!<\/p>\t\t\t\t\t\t\t\t<\/div>\n\t\t\t\t\t<\/div>\n\t\t\t\t<\/div>\n\t\t<div class=\"elementor-element elementor-element-4e7a900 e-flex e-con-boxed e-con e-parent\" data-id=\"4e7a900\" data-element_type=\"container\" data-e-type=\"container\">\n\t\t\t\t\t<div class=\"e-con-inner\">\n\t\t\t\t<div class=\"elementor-element elementor-element-79801bb elementor-widget elementor-widget-spacer\" data-id=\"79801bb\" data-element_type=\"widget\" data-e-type=\"widget\" data-widget_type=\"spacer.default\">\n\t\t\t\t\t\t\t<div class=\"elementor-spacer\">\n\t\t\t<div class=\"elementor-spacer-inner\"><\/div>\n\t\t<\/div>\n\t\t\t\t\t\t<\/div>\n\t\t\t\t\t<\/div>\n\t\t\t\t<\/div>\n\t\t\t\t<\/div>\n\t\t","protected":false},"excerpt":{"rendered":"<p>Herzlich willkommen bei FredeFritz \u2013 SchnabulierManufaktur. \u200b WIR L(I)EBEN K\u00d6LN UND DEN DOM ! Aber was wir noch mehr leben und lieben, ist die k\u00f6lsche Art der Gastlichkeit. \u201eLA K\u00d6LSCHE VITA\u201c \u2013 ein (ER)LEBENSGEF\u00dcHL mit besonderen Eigenarten und einem eigenen Grundgesetz.Der K\u00f6lner trifft sich, ist weltoffen, tolerant und feiert gerne \u2013 Ja, auch sich selbst [&hellip;]<\/p>\n","protected":false},"author":1,"featured_media":0,"parent":0,"menu_order":0,"comment_status":"closed","ping_status":"closed","template":"elementor_header_footer","meta":{"footnotes":""},"class_list":["post-44","page","type-page","status-publish","hentry"],"_links":{"self":[{"href":"https:\/\/developer.fredefritz.de\/index.php?rest_route=\/wp\/v2\/pages\/44","targetHints":{"allow":["GET"]}}],"collection":[{"href":"https:\/\/developer.fredefritz.de\/index.php?rest_route=\/wp\/v2\/pages"}],"about":[{"href":"https:\/\/developer.fredefritz.de\/index.php?rest_route=\/wp\/v2\/types\/page"}],"author":[{"embeddable":true,"href":"https:\/\/developer.fredefritz.de\/index.php?rest_route=\/wp\/v2\/users\/1"}],"replies":[{"embeddable":true,"href":"https:\/\/developer.fredefritz.de\/index.php?rest_route=%2Fwp%2Fv2%2Fcomments&post=44"}],"version-history":[{"count":70,"href":"https:\/\/developer.fredefritz.de\/index.php?rest_route=\/wp\/v2\/pages\/44\/revisions"}],"predecessor-version":[{"id":165,"href":"https:\/\/developer.fredefritz.de\/index.php?rest_route=\/wp\/v2\/pages\/44\/revisions\/165"}],"wp:attachment":[{"href":"https:\/\/developer.fredefritz.de\/index.php?rest_route=%2Fwp%2Fv2%2Fmedia&parent=44"}],"curies":[{"name":"wp","href":"https:\/\/api.w.org\/{rel}","templated":true}]}}